{"id":41,"date":"2017-09-06T14:30:24","date_gmt":"2017-09-06T12:30:24","guid":{"rendered":"http:\/\/boumh.umh.es\/?page_id=41"},"modified":"2021-11-26T12:34:16","modified_gmt":"2021-11-26T11:34:16","slug":"informacion","status":"publish","type":"page","link":"https:\/\/boumh.umh.es\/ca\/informacion\/","title":{"rendered":"Presentaci\u00f3"},"content":{"rendered":"<p>El Butllet\u00ed Oficial de la Universitat Miguel Hern\u00e1ndez d&#8217;Elx (BOUMH) \u00e9s el diari oficial de la Universitat en el qual es publiquen les disposicions de car\u00e0cter general, aix\u00ed com els actes, els acords, els anuncis i les altres resolucions que, per la\u00a0seua\u00a0naturalesa normativa o els seus efectes de car\u00e0cter general, hagen de ser publicats.<\/p>\n<p><a href=\"https:\/\/boumh.umh.es\/files\/2020\/05\/REGLAMENTO.pdf\">Acord d\u2019aprovaci\u00f3 del Reglament pel qual es regula el Butllet\u00ed Oficial de la Universitat Miguel Hern\u00e1ndez (PDF)<\/a><\/p>","protected":false},"excerpt":{"rendered":"<p>El Butllet\u00ed Oficial de la Universitat Miguel Hern\u00e1ndez d&#8217;Elx (BOUMH) \u00e9s el diari oficial de la Universitat en el qual es publiquen les disposicions de car\u00e0cter general, aix\u00ed com els actes, els acords, els anuncis i les altres resolucions que, per la\u00a0seua\u00a0naturalesa normativa o els seus efectes de car\u00e0cter general, hagen de ser publicats.<br \/>\nAcord d\u2019aprovaci\u00f3 [&#8230;]<\/p>\n","protected":false},"author":3102,"featured_media":0,"parent":0,"menu_order":0,"comment_status":"closed","ping_status":"closed","template":"","meta":{"_links_to":"","_links_to_target":""},"_links":{"self":[{"href":"https:\/\/boumh.umh.es\/ca\/wp-json\/wp\/v2\/pages\/41"}],"collection":[{"href":"https:\/\/boumh.umh.es\/ca\/wp-json\/wp\/v2\/pages"}],"about":[{"href":"https:\/\/boumh.umh.es\/ca\/wp-json\/wp\/v2\/types\/page"}],"author":[{"embeddable":true,"href":"https:\/\/boumh.umh.es\/ca\/wp-json\/wp\/v2\/users\/3102"}],"replies":[{"embeddable":true,"href":"https:\/\/boumh.umh.es\/ca\/wp-json\/wp\/v2\/comments?post=41"}],"version-history":[{"count":0,"href":"https:\/\/boumh.umh.es\/ca\/wp-json\/wp\/v2\/pages\/41\/revisions"}],"wp:attachment":[{"href":"https:\/\/boumh.umh.es\/ca\/wp-json\/wp\/v2\/media?parent=41"}],"curies":[{"name":"wp","href":"https:\/\/api.w.org\/{rel}","templated":true}]}}