{"id":28217,"date":"2018-07-25T09:18:11","date_gmt":"2018-07-25T07:18:11","guid":{"rendered":"http:\/\/boumh.umh.es\/?page_id=28217"},"modified":"2025-03-12T12:02:01","modified_gmt":"2025-03-12T11:02:01","slug":"enlaces","status":"publish","type":"page","link":"https:\/\/boumh.umh.es\/ca\/enlaces\/","title":{"rendered":"Enlla\u00e7os"},"content":{"rendered":"<p><\/p>\n<ul>\n<li><a href=\"http:\/\/www.boe.es\" target=\"_blank\" rel=\"noopener noreferrer\"><span lang=\"es\">Bolet\u00edn\u00a0Oficial del Estado. (BOE)<\/span> <img loading=\"lazy\" class=\"alignnone size-full wp-image-47\" src=\"https:\/\/boumh.umh.es\/files\/2021\/11\/abre-en-nueva-ventana.png\" alt=\"obri una nova finestra\" width=\"15\" height=\"15\" \/><\/a><\/li>\n<li><a href=\"http:\/\/www.dogv.gva.es\/va\/inici\" target=\"_blank\" rel=\"noopener noreferrer\">Diari Oficial de la\u00a0Generalitat Valencia. \u00a0(DOGV) <img loading=\"lazy\" class=\"alignnone size-full wp-image-47\" src=\"https:\/\/boumh.umh.es\/files\/2021\/11\/abre-en-nueva-ventana.png\" alt=\"obri una nova finestra\" width=\"15\" height=\"15\" \/><\/a><\/li>\n<li><a href=\"https:\/\/eur-lex.europa.eu\/oj\/direct-access.html?locale=es\" target=\"_blank\" rel=\"noopener noreferrer\"><span lang=\"es\">Diario Oficial de la Uni\u00f3n Europea (DOUE)<\/span> <img loading=\"lazy\" class=\"alignnone size-full wp-image-47\" src=\"https:\/\/boumh.umh.es\/files\/2021\/11\/abre-en-nueva-ventana.png\" alt=\"obri una nova finestra\" width=\"15\" height=\"15\" \/><\/a><\/li>\n<\/ul>\n<p><b>Altres enlla\u00e7os d&#8217;inter\u00e9s:<\/b><\/p>\n<ul>\n<li><a href=\"https:\/\/www.mecd.gob.es\/educacion-mecd\/\" target=\"_blank\" rel=\"noopener noreferrer\"><span lang=\"es\">Ministerio de Educaci\u00f3n<\/span> <img loading=\"lazy\" class=\"alignnone size-full wp-image-47\" src=\"https:\/\/boumh.umh.es\/files\/2021\/11\/abre-en-nueva-ventana.png\" alt=\"obri una nova finestra\" width=\"15\" height=\"15\" \/><\/a> <\/li>\n<li><a href=\"http:\/\/www.siuvp.es\/es\/\" target=\"_blank\" rel=\"noopener noreferrer\"><span lang=\"es\">Sistema de informaci\u00f3n de las universidades valencianas p\u00fablicas (SIUVP)<\/span> <img loading=\"lazy\" class=\"alignnone size-full wp-image-47\" src=\"https:\/\/boumh.umh.es\/files\/2021\/11\/abre-en-nueva-ventana.png\" alt=\"obri una nova finestra\" width=\"15\" height=\"15\" \/><\/a><\/li>\n<li><a href=\"http:\/\/www.crue.org\/SitePages\/Inicio.aspx\" target=\"_blank\" rel=\"noopener noreferrer\"><span lang=\"es\">CRUE Universidades Espa\u00f1olas<\/span> <img loading=\"lazy\" class=\"alignnone size-full wp-image-47\" src=\"https:\/\/boumh.umh.es\/files\/2021\/11\/abre-en-nueva-ventana.png\" alt=\"obri una nova finestra\" width=\"15\" height=\"15\" \/><\/a><\/li>\n<li><a href=\"http:\/\/www.siuvp.es\/es\/\" target=\"_blank\" rel=\"noopener noreferrer\"><span lang=\"es\">Sistema de informaci\u00f3n de las universidades valencianas p\u00fablicas (SIUVP)<\/span> <img loading=\"lazy\" class=\"alignnone size-full wp-image-47\" src=\"https:\/\/boumh.umh.es\/files\/2021\/11\/abre-en-nueva-ventana.png\" alt=\"obri una nova finestra\" width=\"15\" height=\"15\" \/><\/a><\/li>\n<li><a href=\"http:\/\/www.crue.org\/SitePages\/Inicio.aspx\" target=\"_blank\" rel=\"noopener noreferrer\"><span lang=\"es\">CRUE Universidades Espa\u00f1olas<\/span> <img loading=\"lazy\" class=\"alignnone size-full wp-image-47\" src=\"https:\/\/boumh.umh.es\/files\/2021\/11\/abre-en-nueva-ventana.png\" alt=\"obri una nova finestra\" width=\"15\" height=\"15\" \/><\/a><\/li>\n<li><a href=\"https:\/\/www.ciencia.gob.es\/\" target=\"_blank\" rel=\"noopener\"><span lang=\"es\">Ministerio de Ciencia,Innovaci\u00f3n y Universidades<\/span> <img loading=\"lazy\" class=\"alignnone size-full wp-image-47\" src=\"https:\/\/boumh.umh.es\/files\/2021\/11\/abre-en-nueva-ventana.png\" alt=\"obri una nova finestra\" width=\"15\" height=\"15\" \/><\/a><\/li>\n<li><a title=\"Ir a la web de Rediris\" href=\"http:\/\/www.rediris.es\/rediris\/\" target=\"_blank\" rel=\"noopener noreferrer\"><span lang=\"es\">Red Acad\u00e9mica y de Investigaci\u00f3n Espa\u00f1ola. (REDIRIS)<\/span> <img loading=\"lazy\" class=\"alignnone size-full wp-image-47\" src=\"https:\/\/boumh.umh.es\/files\/2021\/11\/abre-en-nueva-ventana.png\" alt=\"obri una nova finestra\" width=\"15\" height=\"15\" \/><\/a><\/li>\n<li><a title=\"Ir a la web de ANECA\" href=\"http:\/\/www.aneca.es\/\" target=\"_blank\" rel=\"noopener noreferrer\"><span lang=\"es\">Agencia Nacional de Evaluaci\u00f3n de la Calidad y la Acreditaci\u00f3n. (ANECA)<\/span> <img loading=\"lazy\" class=\"alignnone size-full wp-image-47\" src=\"https:\/\/boumh.umh.es\/files\/2021\/11\/abre-en-nueva-ventana.png\" alt=\"obri una nova finestra\" width=\"15\" height=\"15\" \/><\/a><\/li>\n<\/ul>\n<p><\/p>","protected":false},"excerpt":{"rendered":"<p>Bolet\u00edn\u00a0Oficial del Estado. (BOE)<br \/>\nDiari Oficial de la\u00a0Generalitat Valencia. \u00a0(DOGV)<br \/>\nDiario Oficial de la Uni\u00f3n Europea (DOUE) <\/p>\n<p>Altres enlla\u00e7os d&#8217;inter\u00e9s:<\/p>\n<p>Ministerio de Educaci\u00f3n<br \/>\nSistema de informaci\u00f3n de las universidades valencianas p\u00fablicas (SIUVP)<br \/>\nCRUE Universidades Espa\u00f1olas<br \/>\nSistema de informaci\u00f3n de las universidades valencianas p\u00fablicas (SIUVP)<br \/>\nCRUE Universidades Espa\u00f1olas<br \/>\nMinisterio de Ciencia,Innovaci\u00f3n y Universidades<br \/>\nRed Acad\u00e9mica y [&#8230;]<\/p>\n","protected":false},"author":3102,"featured_media":0,"parent":0,"menu_order":99,"comment_status":"closed","ping_status":"closed","template":"","meta":{"_links_to":"","_links_to_target":""},"_links":{"self":[{"href":"https:\/\/boumh.umh.es\/ca\/wp-json\/wp\/v2\/pages\/28217"}],"collection":[{"href":"https:\/\/boumh.umh.es\/ca\/wp-json\/wp\/v2\/pages"}],"about":[{"href":"https:\/\/boumh.umh.es\/ca\/wp-json\/wp\/v2\/types\/page"}],"author":[{"embeddable":true,"href":"https:\/\/boumh.umh.es\/ca\/wp-json\/wp\/v2\/users\/3102"}],"replies":[{"embeddable":true,"href":"https:\/\/boumh.umh.es\/ca\/wp-json\/wp\/v2\/comments?post=28217"}],"version-history":[{"count":0,"href":"https:\/\/boumh.umh.es\/ca\/wp-json\/wp\/v2\/pages\/28217\/revisions"}],"wp:attachment":[{"href":"https:\/\/boumh.umh.es\/ca\/wp-json\/wp\/v2\/media?parent=28217"}],"curies":[{"name":"wp","href":"https:\/\/api.w.org\/{rel}","templated":true}]}}